{"id":44,"date":"2017-07-27T11:10:53","date_gmt":"2017-07-27T09:10:53","guid":{"rendered":"https:\/\/dogshaircut.de\/web\/?page_id=44"},"modified":"2017-07-27T11:42:20","modified_gmt":"2017-07-27T09:42:20","slug":"ueber-uns","status":"publish","type":"page","link":"https:\/\/dogshaircut.de\/web\/ueber-uns\/","title":{"rendered":"\u00dcber uns"},"content":{"rendered":"<p>Willkommen auf meiner Hunde Homepage, auf den weiteren Seiten k\u00f6nnen Sie Informationen \u00fcber mich, meine Passion als Hundefris\u00f6rin und einiges Wissenswerte \u00fcber unsere Lieblinge einsehen.<\/p>\n<p>&#8230;viel Spa\u00df beim lesen w\u00fcnscht Ihnen:<\/p>\n<figure id=\"attachment_45\" aria-describedby=\"caption-attachment-45\" style=\"width: 208px\" class=\"wp-caption alignnone\"><img loading=\"lazy\" decoding=\"async\" class=\"wp-image-45 size-medium\" src=\"https:\/\/dogshaircut.de\/web\/wp-content\/uploads\/2017\/07\/elke-208x300.jpg\" alt=\"Elke Kutay Gundlach\" width=\"208\" height=\"300\" srcset=\"https:\/\/dogshaircut.de\/web\/wp-content\/uploads\/2017\/07\/elke-208x300.jpg 208w, https:\/\/dogshaircut.de\/web\/wp-content\/uploads\/2017\/07\/elke.jpg 218w\" sizes=\"(max-width: 208px) 100vw, 208px\" \/><figcaption id=\"caption-attachment-45\" class=\"wp-caption-text\">Elke Kutay Gundlach<\/figcaption><\/figure>\n<p>Frisuren auf Kundenwunsch oder nach Richtlinen der FCI &#8211; Alle Hunderassen<br \/>\nDogs Hair Cut Intl. ist Mitglied vom :<\/p>\n<p><img loading=\"lazy\" decoding=\"async\" class=\"alignnone size-full wp-image-101\" src=\"https:\/\/dogshaircut.de\/web\/wp-content\/uploads\/2017\/07\/tierschutz.jpg\" alt=\"\" width=\"177\" height=\"168\" \/><\/p>\n","protected":false},"excerpt":{"rendered":"<p>Willkommen auf meiner Hunde Homepage, auf den weiteren Seiten k\u00f6nnen Sie Informationen \u00fcber mich, meine Passion als Hundefris\u00f6rin und einiges Wissenswerte \u00fcber unsere Lieblinge einsehen. &#8230;viel Spa\u00df beim lesen w\u00fcnscht Ihnen: Frisuren auf Kundenwunsch oder nach Richtlinen der FCI &#8211; Alle Hunderassen Dogs Hair Cut Intl. ist Mitglied vom :<\/p>\n","protected":false},"author":1,"featured_media":0,"parent":0,"menu_order":0,"comment_status":"closed","ping_status":"closed","template":"","meta":{"footnotes":""},"_links":{"self":[{"href":"https:\/\/dogshaircut.de\/web\/wp-json\/wp\/v2\/pages\/44"}],"collection":[{"href":"https:\/\/dogshaircut.de\/web\/wp-json\/wp\/v2\/pages"}],"about":[{"href":"https:\/\/dogshaircut.de\/web\/wp-json\/wp\/v2\/types\/page"}],"author":[{"embeddable":true,"href":"https:\/\/dogshaircut.de\/web\/wp-json\/wp\/v2\/users\/1"}],"replies":[{"embeddable":true,"href":"https:\/\/dogshaircut.de\/web\/wp-json\/wp\/v2\/comments?post=44"}],"version-history":[{"count":3,"href":"https:\/\/dogshaircut.de\/web\/wp-json\/wp\/v2\/pages\/44\/revisions"}],"predecessor-version":[{"id":103,"href":"https:\/\/dogshaircut.de\/web\/wp-json\/wp\/v2\/pages\/44\/revisions\/103"}],"wp:attachment":[{"href":"https:\/\/dogshaircut.de\/web\/wp-json\/wp\/v2\/media?parent=44"}],"curies":[{"name":"wp","href":"https:\/\/api.w.org\/{rel}","templated":true}]}}