{"id":47,"date":"2017-07-27T11:15:16","date_gmt":"2017-07-27T09:15:16","guid":{"rendered":"https:\/\/dogshaircut.de\/web\/?page_id=47"},"modified":"2017-07-28T08:39:27","modified_gmt":"2017-07-28T06:39:27","slug":"die-plflege","status":"publish","type":"page","link":"https:\/\/dogshaircut.de\/web\/die-plflege\/","title":{"rendered":"Die Pflege"},"content":{"rendered":"<h3>Wie oft soll ein Hund in den Salon ?<\/h3>\n<p>Da bei den meisten Hunderassen der nat\u00fcrliche Fellwechsel nicht mehr von alleine stattfindet wird die Inanspruchnahme eines Hundefris\u00f6rs immer gr\u00f6\u00dfer.<\/p>\n<p><a href=\"https:\/\/dogshaircut.de\/web\/wp-content\/uploads\/2017\/07\/BB68EC30-F210-4FAA-8ED8-DA86A9049DE7-e1501146821439.jpg\"><img loading=\"lazy\" decoding=\"async\" class=\"alignright wp-image-49 size-medium\" src=\"https:\/\/dogshaircut.de\/web\/wp-content\/uploads\/2017\/07\/BB68EC30-F210-4FAA-8ED8-DA86A9049DE7-e1501146821439-225x300.jpg\" alt=\"Pflege\" width=\"225\" height=\"300\" srcset=\"https:\/\/dogshaircut.de\/web\/wp-content\/uploads\/2017\/07\/BB68EC30-F210-4FAA-8ED8-DA86A9049DE7-e1501146821439-225x300.jpg 225w, https:\/\/dogshaircut.de\/web\/wp-content\/uploads\/2017\/07\/BB68EC30-F210-4FAA-8ED8-DA86A9049DE7-e1501146821439-768x1024.jpg 768w\" sizes=\"(max-width: 225px) 100vw, 225px\" \/><\/a><\/p>\n<p>Viele denken ein Hundesalon w\u00e4re nur f\u00fcr Pudel und West Highland White Terrier. Leider ist dieser Gedanke noch bei vielen Hundebesitzern so verankert weil man auch noch die Vorstellung hat wie ein Salon vor Jahren war. Doch diese Zeiten haben sich ge\u00e4ndert und es gibt einiges an Innovationen und Verbesserungen auf dem Sektor der Fellpflege, das Baden geh\u00f6rt auch dazu, und das Wort Fellpflege bezieht sich nicht nur auf Pudelfell sondern auf das Fell eines jeden Hundes.<\/p>\n<h3>Wie oft muss ein Hund in den Salon gebracht werden??<\/h3>\n<p>Auf diese Frage gibt es nicht nur eine Antwort. Zum einen ist es nat\u00fcrlich so, dass einige Hunderassen\/Fellstrukturen wie das Wollhaar eines Pudels oder das Trimmfell eines West Highland Terriers 3-5 mal pro Jahr professionell gepflegt werden sollten. Aber auch ein Mischling oder eine langhaarige Rasse wie z.B. ein Barde Collie oder Tibet Terrier ben\u00f6tigt eine fachgerechte Pflege, gerade diese Rassen verfilzen auf Grund Ihrer Unterwolle sehr stark und brauchen daher die richtige Behandlung. Ein wichtiges Argument ist auch, dass ein gut gepflegter Hund , der genauso seine Pflege braucht wie ein Mensch, viel sch\u00f6ner zum Anfassen und Ansehen ist. Bringen Sie Ihren Hund regelm\u00e4\u00dfig zum b\u00fcrsten, dann brauchen Sie die vollst\u00e4ndige Pflegebehandlung nur 2-3 mal im Jahr vornehmen zu lassen. Dem Problem der totalen Verfilzung wird so vorgebeugt. Ich bin der Meinung, dass ein Hund der als Familienmitglied integriert ist ein Recht auf Artgerechte Hygiene und Pflege hat.<\/p>\n","protected":false},"excerpt":{"rendered":"<p>Wie oft soll ein Hund in den Salon ? Da bei den meisten Hunderassen der nat\u00fcrliche Fellwechsel nicht mehr von alleine stattfindet wird die Inanspruchnahme eines Hundefris\u00f6rs immer gr\u00f6\u00dfer. Viele denken ein Hundesalon w\u00e4re nur f\u00fcr Pudel und West Highland White Terrier. Leider ist dieser Gedanke noch bei vielen Hundebesitzern so verankert weil man auch &hellip; <\/p>\n<p class=\"link-more\"><a href=\"https:\/\/dogshaircut.de\/web\/die-plflege\/\" class=\"more-link\"><span class=\"screen-reader-text\">\u201eDie Pflege\u201c<\/span> weiterlesen<\/a><\/p>\n","protected":false},"author":1,"featured_media":0,"parent":0,"menu_order":0,"comment_status":"closed","ping_status":"closed","template":"","meta":{"footnotes":""},"_links":{"self":[{"href":"https:\/\/dogshaircut.de\/web\/wp-json\/wp\/v2\/pages\/47"}],"collection":[{"href":"https:\/\/dogshaircut.de\/web\/wp-json\/wp\/v2\/pages"}],"about":[{"href":"https:\/\/dogshaircut.de\/web\/wp-json\/wp\/v2\/types\/page"}],"author":[{"embeddable":true,"href":"https:\/\/dogshaircut.de\/web\/wp-json\/wp\/v2\/users\/1"}],"replies":[{"embeddable":true,"href":"https:\/\/dogshaircut.de\/web\/wp-json\/wp\/v2\/comments?post=47"}],"version-history":[{"count":3,"href":"https:\/\/dogshaircut.de\/web\/wp-json\/wp\/v2\/pages\/47\/revisions"}],"predecessor-version":[{"id":196,"href":"https:\/\/dogshaircut.de\/web\/wp-json\/wp\/v2\/pages\/47\/revisions\/196"}],"wp:attachment":[{"href":"https:\/\/dogshaircut.de\/web\/wp-json\/wp\/v2\/media?parent=47"}],"curies":[{"name":"wp","href":"https:\/\/api.w.org\/{rel}","templated":true}]}}