{"id":61,"date":"2017-07-27T11:16:39","date_gmt":"2017-07-27T09:16:39","guid":{"rendered":"https:\/\/dogshaircut.de\/web\/?page_id=61"},"modified":"2017-07-28T08:28:09","modified_gmt":"2017-07-28T06:28:09","slug":"service-details","status":"publish","type":"page","link":"https:\/\/dogshaircut.de\/web\/service-details\/","title":{"rendered":"Service-Details"},"content":{"rendered":"<h3><img loading=\"lazy\" decoding=\"async\" class=\"alignright wp-image-48 size-medium\" src=\"https:\/\/dogshaircut.de\/web\/wp-content\/uploads\/2017\/07\/7A99CA2D-F6F6-4A12-B047-B314F309588A-e1501147025733-225x300.jpg\" alt=\"\" width=\"225\" height=\"300\" srcset=\"https:\/\/dogshaircut.de\/web\/wp-content\/uploads\/2017\/07\/7A99CA2D-F6F6-4A12-B047-B314F309588A-e1501147025733-225x300.jpg 225w, https:\/\/dogshaircut.de\/web\/wp-content\/uploads\/2017\/07\/7A99CA2D-F6F6-4A12-B047-B314F309588A-e1501147025733-768x1024.jpg 768w\" sizes=\"(max-width: 225px) 100vw, 225px\" \/>Gr\u00fcndliche In Augenscheinnahme :<\/h3>\n<p>Um zu einer optimalen Auswahl an ben\u00f6tigten Pflegeprodukten und Schnitt zu gelangen wird bei Ihrem Liebling zuerst Fell und Haut untersucht. Dabei werden m\u00f6gliche Besonderheiten, wie z.B. Warzen etc. festgestellt, auf die bei weiterer Arbeit selbstverst\u00e4ndlich besondere R\u00fccksicht genommen wird. Gegebenenfalls werden Zecken, Ohrverfilzungen etc fachgerecht entfernt.<\/p>\n<h3>Das Baden :<\/h3>\n<p>Das Baden erfolgt grunds\u00e4tzlich mit wohl temperiertem Wasser und individuell ausgesuchten, dem Felltyp entsprechendem Shampoo. Ich verwende ausschlie\u00dflich speziell ausgesuchte Natur Produkte.Danach wird der Hund frottiert und mit Warmluft behutsam per Hand getrocknet.<\/p>\n<h3>Schneiden, Scheren, Trimmen &#8230;<\/h3>\n<p>\u2026erfolgt artgerecht und wird unter Ber\u00fccksichtigung aktueller Rassenstandards und Ihren pers\u00f6nlichen W\u00fcnschen ausgef\u00fchrt. Dabei verwende ich ausschlie\u00dflich professionelles Werkzeug erstklassiger G\u00fcte und Marken die sich \u00fcber Jahrzehnte unter Hundepflegern durch Pr\u00e4zision einen Namen gemacht haben.<\/p>\n<h3>Krallen und Ballen-pflege :<\/h3>\n<p>Die Krallen werden grunds\u00e4tzlich begutachtet und wenn erforderlich gek\u00fcrzt. In der Winterzeit ist die Ballen-pflege des Hundes sehr wichtig. Streusalz und andere Einfl\u00fcsse als auch Lauf auf viel Asphalt k\u00f6nnen die Ballen besch\u00e4digen, deshalb die n\u00f6tige Ballen-pflege.<\/p>\n<h3>Hygiene und Sauberkeit<\/h3>\n<p>..sind mir ein gro\u00dfes Anliegen .Jeder Gegenstand mit dem Ihr Hund durch die Pflege in Kontakt kommt wurde vorher gereinigt und desinfiziert.Es werden nur frisch gewaschene Handt\u00fccher benutzt. Eine regelm\u00e4\u00dfige Salon Reinigung versteht sich bei unserem hohen Anspruch von selbst.<\/p>\n<h3>Kleiner Hinweis :<\/h3>\n<p>Wenn Sie Ihren Liebling zu mir bringen wei\u00df ich, dass dies ein hohes Ma\u00df an Vertrauen voraussetzt und das wei\u00df ich sehr zu sch\u00e4tzen. Ein Hund der Frauchen oder Herrchen sieht, h\u00f6rt oder riecht ist immer abgelenkt und erschwert sich und mir den Besuch im Salon. Ich empfehle Ihnen, ihren Hund vor dem Termin ein wenig auszuf\u00fchren, je nach Rasse, Gr\u00f6\u00dfe und Aufwand ben\u00f6tige ich ca. 1-4 Stunden.<\/p>\n<p>&nbsp;<\/p>\n","protected":false},"excerpt":{"rendered":"<p>Gr\u00fcndliche In Augenscheinnahme : Um zu einer optimalen Auswahl an ben\u00f6tigten Pflegeprodukten und Schnitt zu gelangen wird bei Ihrem Liebling zuerst Fell und Haut untersucht. Dabei werden m\u00f6gliche Besonderheiten, wie z.B. Warzen etc. festgestellt, auf die bei weiterer Arbeit selbstverst\u00e4ndlich besondere R\u00fccksicht genommen wird. Gegebenenfalls werden Zecken, Ohrverfilzungen etc fachgerecht entfernt. Das Baden : Das &hellip; <\/p>\n<p class=\"link-more\"><a href=\"https:\/\/dogshaircut.de\/web\/service-details\/\" class=\"more-link\"><span class=\"screen-reader-text\">\u201eService-Details\u201c<\/span> weiterlesen<\/a><\/p>\n","protected":false},"author":1,"featured_media":0,"parent":0,"menu_order":0,"comment_status":"closed","ping_status":"closed","template":"","meta":{"footnotes":""},"_links":{"self":[{"href":"https:\/\/dogshaircut.de\/web\/wp-json\/wp\/v2\/pages\/61"}],"collection":[{"href":"https:\/\/dogshaircut.de\/web\/wp-json\/wp\/v2\/pages"}],"about":[{"href":"https:\/\/dogshaircut.de\/web\/wp-json\/wp\/v2\/types\/page"}],"author":[{"embeddable":true,"href":"https:\/\/dogshaircut.de\/web\/wp-json\/wp\/v2\/users\/1"}],"replies":[{"embeddable":true,"href":"https:\/\/dogshaircut.de\/web\/wp-json\/wp\/v2\/comments?post=61"}],"version-history":[{"count":4,"href":"https:\/\/dogshaircut.de\/web\/wp-json\/wp\/v2\/pages\/61\/revisions"}],"predecessor-version":[{"id":187,"href":"https:\/\/dogshaircut.de\/web\/wp-json\/wp\/v2\/pages\/61\/revisions\/187"}],"wp:attachment":[{"href":"https:\/\/dogshaircut.de\/web\/wp-json\/wp\/v2\/media?parent=61"}],"curies":[{"name":"wp","href":"https:\/\/api.w.org\/{rel}","templated":true}]}}